{"id":13,"date":"2019-01-29T14:37:11","date_gmt":"2019-01-29T14:37:11","guid":{"rendered":"http:\/\/dev.cornwallrooftruss.com\/?page_id=13"},"modified":"2019-03-29T11:53:07","modified_gmt":"2019-03-29T11:53:07","slug":"home","status":"publish","type":"page","link":"https:\/\/cornwallrooftruss.com\/fr\/","title":{"rendered":"Accueil"},"content":{"rendered":"<div data-elementor-type=\"wp-post\" data-elementor-id=\"13\" class=\"elementor elementor-13\" data-elementor-post-type=\"page\">\n\t\t\t\t\t\t<section class=\"elementor-section elementor-top-section elementor-element elementor-element-3b74178 elementor-section-boxed elementor-section-height-default elementor-section-height-default\" data-id=\"3b74178\" data-element_type=\"section\">\n\t\t\t\t\t\t<div class=\"elementor-container elementor-column-gap-default\">\n\t\t\t\t\t<div class=\"elementor-column elementor-col-100 elementor-top-column elementor-element elementor-element-3b88de5\" data-id=\"3b88de5\" data-element_type=\"column\">\n\t\t\t<div class=\"elementor-widget-wrap elementor-element-populated\">\n\t\t\t\t\t\t<div class=\"elementor-element elementor-element-7f147f4 elementor-cta--skin-cover elementor-cta--valign-middle elementor-animated-content elementor-bg-transform elementor-bg-transform-zoom-in elementor-widget elementor-widget-call-to-action\" data-id=\"7f147f4\" data-element_type=\"widget\" data-widget_type=\"call-to-action.default\">\n\t\t\t\t<div class=\"elementor-widget-container\">\n\t\t\t\t\t\t\t<div class=\"elementor-cta\">\n\t\t\t\t\t<div class=\"elementor-cta__bg-wrapper\">\n\t\t\t\t<div class=\"elementor-cta__bg elementor-bg\" style=\"background-image: url(https:\/\/cornwallrooftruss.com\/wp-content\/uploads\/2019\/02\/piggyback-extension-9-1024x683.jpg);\" role=\"img\" aria-label=\"piggyback-extension-9\"><\/div>\n\t\t\t\t<div class=\"elementor-cta__bg-overlay\"><\/div>\n\t\t\t<\/div>\n\t\t\t\t\t\t\t<div class=\"elementor-cta__content\">\n\t\t\t\t\n\t\t\t\t\t\t\t\t\t<h1 class=\"elementor-cta__title elementor-cta__content-item elementor-content-item elementor-animated-item--grow\">\n\t\t\t\t\t\tLa maison de vos r\u00eaves vous attend\t\t\t\t\t<\/h1>\n\t\t\t\t\n\t\t\t\t\t\t\t\t\t<div class=\"elementor-cta__description elementor-cta__content-item elementor-content-item elementor-animated-item--grow\">\n\t\t\t\t\t\tLaissez l\u2019\u00e9quipe de professionnels de Cornwall Roof Truss transformer vos r\u00eaves en r\u00e9alit\u00e9\t\t\t\t\t<\/div>\n\t\t\t\t\n\t\t\t\t\t\t\t\t\t<div class=\"elementor-cta__button-wrapper elementor-cta__content-item elementor-content-item elementor-animated-item--grow\">\n\t\t\t\t\t<a class=\"elementor-cta__button elementor-button elementor-size-\" href=\"https:\/\/cornwallrooftruss.com\/fr\/contact\/\">\n\t\t\t\t\t\tCommuniquez avec nous d\u00e8s aujourd\u2019hui\t\t\t\t\t<\/a>\n\t\t\t\t\t<\/div>\n\t\t\t\t\t\t\t<\/div>\n\t\t\t\t\t\t<\/div>\n\t\t\t\t\t\t<\/div>\n\t\t\t\t<\/div>\n\t\t\t\t\t<\/div>\n\t\t<\/div>\n\t\t\t\t\t<\/div>\n\t\t<\/section>\n\t\t\t\t<section class=\"elementor-section elementor-top-section elementor-element elementor-element-c6745d8 elementor-section-boxed elementor-section-height-default elementor-section-height-default\" data-id=\"c6745d8\" data-element_type=\"section\">\n\t\t\t\t\t\t<div class=\"elementor-container elementor-column-gap-default\">\n\t\t\t\t\t<div class=\"elementor-column elementor-col-100 elementor-top-column elementor-element elementor-element-60a1e73\" data-id=\"60a1e73\" data-element_type=\"column\">\n\t\t\t<div class=\"elementor-widget-wrap elementor-element-populated\">\n\t\t\t\t\t\t<div class=\"elementor-element elementor-element-7004e3a elementor-widget elementor-widget-heading\" data-id=\"7004e3a\" data-element_type=\"widget\" data-widget_type=\"heading.default\">\n\t\t\t\t<div class=\"elementor-widget-container\">\n\t\t\t\t\t<h2 class=\"elementor-heading-title elementor-size-default\">Des projets en tous genres, que ce soit des remises, des maisons ou encore des granges<\/h2>\t\t\t\t<\/div>\n\t\t\t\t<\/div>\n\t\t\t\t<div class=\"elementor-element elementor-element-db47542 elementor-grid-4 elementor-grid-tablet-2 elementor-grid-mobile-1 elementor-widget elementor-widget-portfolio\" data-id=\"db47542\" data-element_type=\"widget\" data-settings=\"{&quot;columns&quot;:&quot;4&quot;,&quot;item_ratio&quot;:{&quot;unit&quot;:&quot;px&quot;,&quot;size&quot;:1,&quot;sizes&quot;:[]},&quot;columns_tablet&quot;:&quot;2&quot;,&quot;columns_mobile&quot;:&quot;1&quot;,&quot;item_gap&quot;:{&quot;unit&quot;:&quot;px&quot;,&quot;size&quot;:&quot;&quot;,&quot;sizes&quot;:[]},&quot;row_gap&quot;:{&quot;unit&quot;:&quot;px&quot;,&quot;size&quot;:&quot;&quot;,&quot;sizes&quot;:[]}}\" data-widget_type=\"portfolio.default\">\n\t\t\t\t<div class=\"elementor-widget-container\">\n\t\t\t\t\t\t\t<div class=\"elementor-portfolio elementor-grid elementor-posts-container\">\n\t\t\t\t<article class=\"elementor-portfolio-item elementor-post  post-129 post type-post status-publish format-standard has-post-thumbnail hentry category-truss entry\">\n\t\t\t<a class=\"elementor-post__thumbnail__link\" href=\"https:\/\/cornwallrooftruss.com\/fr\/truss-stacks\/\">\n\t\t\t\t<div class=\"elementor-portfolio-item__img elementor-post__thumbnail\">\n\t\t\t<img fetchpriority=\"high\" decoding=\"async\" width=\"300\" height=\"225\" src=\"https:\/\/cornwallrooftruss.com\/wp-content\/uploads\/2019\/02\/IMG_5136-300x225.jpg\" class=\"attachment-medium size-medium wp-image-228\" alt=\"\" srcset=\"https:\/\/cornwallrooftruss.com\/wp-content\/uploads\/2019\/02\/IMG_5136-300x225.jpg 300w, https:\/\/cornwallrooftruss.com\/wp-content\/uploads\/2019\/02\/IMG_5136-768x576.jpg 768w, https:\/\/cornwallrooftruss.com\/wp-content\/uploads\/2019\/02\/IMG_5136-1024x768.jpg 1024w, https:\/\/cornwallrooftruss.com\/wp-content\/uploads\/2019\/02\/IMG_5136-1568x1176.jpg 1568w\" sizes=\"(max-width: 34.9rem) calc(100vw - 2rem), (max-width: 53rem) calc(8 * (100vw \/ 12)), (min-width: 53rem) calc(6 * (100vw \/ 12)), 100vw\" \/>\t\t<\/div>\n\t\t\t\t<div class=\"elementor-portfolio-item__overlay\">\n\t\t\t\t<h3 class=\"elementor-portfolio-item__title\">\n\t\tFermes de toit\t\t<\/h3>\n\t\t\t\t<\/div>\n\t\t\t\t<\/a>\n\t\t<\/article>\n\t\t\t\t<article class=\"elementor-portfolio-item elementor-post  post-123 post type-post status-publish format-standard has-post-thumbnail hentry category-connectors entry\">\n\t\t\t<a class=\"elementor-post__thumbnail__link\" href=\"https:\/\/cornwallrooftruss.com\/fr\/connector-plates\/\">\n\t\t\t\t<div class=\"elementor-portfolio-item__img elementor-post__thumbnail\">\n\t\t\t<img decoding=\"async\" width=\"300\" height=\"200\" src=\"https:\/\/cornwallrooftruss.com\/wp-content\/uploads\/2019\/02\/plate-1-300x200.jpg\" class=\"attachment-medium size-medium wp-image-124\" alt=\"\" srcset=\"https:\/\/cornwallrooftruss.com\/wp-content\/uploads\/2019\/02\/plate-1-300x200.jpg 300w, https:\/\/cornwallrooftruss.com\/wp-content\/uploads\/2019\/02\/plate-1-768x512.jpg 768w, https:\/\/cornwallrooftruss.com\/wp-content\/uploads\/2019\/02\/plate-1.jpg 1024w\" sizes=\"(max-width: 34.9rem) calc(100vw - 2rem), (max-width: 53rem) calc(8 * (100vw \/ 12)), (min-width: 53rem) calc(6 * (100vw \/ 12)), 100vw\" \/>\t\t<\/div>\n\t\t\t\t<div class=\"elementor-portfolio-item__overlay\">\n\t\t\t\t<h3 class=\"elementor-portfolio-item__title\">\n\t\tConnecteurs\t\t<\/h3>\n\t\t\t\t<\/div>\n\t\t\t\t<\/a>\n\t\t<\/article>\n\t\t\t\t<article class=\"elementor-portfolio-item elementor-post  post-104 post type-post status-publish format-standard has-post-thumbnail hentry category-posi-strut entry\">\n\t\t\t<a class=\"elementor-post__thumbnail__link\" href=\"https:\/\/cornwallrooftruss.com\/fr\/posi-strut\/\">\n\t\t\t\t<div class=\"elementor-portfolio-item__img elementor-post__thumbnail\">\n\t\t\t<img decoding=\"async\" width=\"300\" height=\"225\" src=\"https:\/\/cornwallrooftruss.com\/wp-content\/uploads\/2019\/03\/IMG_4750-300x225.jpg\" class=\"attachment-medium size-medium wp-image-211\" alt=\"\" srcset=\"https:\/\/cornwallrooftruss.com\/wp-content\/uploads\/2019\/03\/IMG_4750-300x225.jpg 300w, https:\/\/cornwallrooftruss.com\/wp-content\/uploads\/2019\/03\/IMG_4750-768x576.jpg 768w, https:\/\/cornwallrooftruss.com\/wp-content\/uploads\/2019\/03\/IMG_4750-1024x768.jpg 1024w, https:\/\/cornwallrooftruss.com\/wp-content\/uploads\/2019\/03\/IMG_4750-1568x1176.jpg 1568w\" sizes=\"(max-width: 34.9rem) calc(100vw - 2rem), (max-width: 53rem) calc(8 * (100vw \/ 12)), (min-width: 53rem) calc(6 * (100vw \/ 12)), 100vw\" \/>\t\t<\/div>\n\t\t\t\t<div class=\"elementor-portfolio-item__overlay\">\n\t\t\t\t<h3 class=\"elementor-portfolio-item__title\">\n\t\tSyst\u00e8me Posi-Strut\t\t<\/h3>\n\t\t\t\t<\/div>\n\t\t\t\t<\/a>\n\t\t<\/article>\n\t\t\t\t<article class=\"elementor-portfolio-item elementor-post  post-52 post type-post status-publish format-standard has-post-thumbnail hentry category-truss entry\">\n\t\t\t<a class=\"elementor-post__thumbnail__link\" href=\"https:\/\/cornwallrooftruss.com\/fr\/roof-extension\/\">\n\t\t\t\t<div class=\"elementor-portfolio-item__img elementor-post__thumbnail\">\n\t\t\t<img loading=\"lazy\" decoding=\"async\" width=\"300\" height=\"200\" src=\"https:\/\/cornwallrooftruss.com\/wp-content\/uploads\/2019\/02\/piggyback-extension-1-300x200.jpg\" class=\"attachment-medium size-medium wp-image-111\" alt=\"\" srcset=\"https:\/\/cornwallrooftruss.com\/wp-content\/uploads\/2019\/02\/piggyback-extension-1-300x200.jpg 300w, https:\/\/cornwallrooftruss.com\/wp-content\/uploads\/2019\/02\/piggyback-extension-1-768x512.jpg 768w, https:\/\/cornwallrooftruss.com\/wp-content\/uploads\/2019\/02\/piggyback-extension-1.jpg 1024w\" sizes=\"(max-width: 34.9rem) calc(100vw - 2rem), (max-width: 53rem) calc(8 * (100vw \/ 12)), (min-width: 53rem) calc(6 * (100vw \/ 12)), 100vw\" \/>\t\t<\/div>\n\t\t\t\t<div class=\"elementor-portfolio-item__overlay\">\n\t\t\t\t<h3 class=\"elementor-portfolio-item__title\">\n\t\tProlongement de toit\t\t<\/h3>\n\t\t\t\t<\/div>\n\t\t\t\t<\/a>\n\t\t<\/article>\n\t\t\t\t<\/div>\n\t\t\t\t\t\t<\/div>\n\t\t\t\t<\/div>\n\t\t\t\t\t<\/div>\n\t\t<\/div>\n\t\t\t\t\t<\/div>\n\t\t<\/section>\n\t\t\t\t<section class=\"elementor-section elementor-top-section elementor-element elementor-element-f47a6fd elementor-section-boxed elementor-section-height-default elementor-section-height-default\" data-id=\"f47a6fd\" data-element_type=\"section\">\n\t\t\t\t\t\t<div class=\"elementor-container elementor-column-gap-default\">\n\t\t\t\t\t<div class=\"elementor-column elementor-col-100 elementor-top-column elementor-element elementor-element-b748be6\" data-id=\"b748be6\" data-element_type=\"column\">\n\t\t\t<div class=\"elementor-widget-wrap elementor-element-populated\">\n\t\t\t\t\t\t<div class=\"elementor-element elementor-element-c488d90 elementor-widget elementor-widget-heading\" data-id=\"c488d90\" data-element_type=\"widget\" data-widget_type=\"heading.default\">\n\t\t\t\t<div class=\"elementor-widget-container\">\n\t\t\t\t\t<h2 class=\"elementor-heading-title elementor-size-default\">Notre Equipe<\/h2>\t\t\t\t<\/div>\n\t\t\t\t<\/div>\n\t\t\t\t<div class=\"elementor-element elementor-element-6b73e62 elementor-widget elementor-widget-text-editor\" data-id=\"6b73e62\" data-element_type=\"widget\" data-widget_type=\"text-editor.default\">\n\t\t\t\t<div class=\"elementor-widget-container\">\n\t\t\t\t\t\t\t\t\t<p>Rencontrez notre \u00e9quipe de professionnels.<\/p>\t\t\t\t\t\t\t\t<\/div>\n\t\t\t\t<\/div>\n\t\t\t\t<div class=\"elementor-element elementor-element-a9845f3 elementor-grid-4 elementor-grid-tablet-2 elementor-grid-mobile-1 elementor-widget elementor-widget-portfolio\" data-id=\"a9845f3\" data-element_type=\"widget\" data-settings=\"{&quot;columns&quot;:&quot;4&quot;,&quot;item_ratio&quot;:{&quot;unit&quot;:&quot;px&quot;,&quot;size&quot;:1,&quot;sizes&quot;:[]},&quot;columns_tablet&quot;:&quot;2&quot;,&quot;columns_mobile&quot;:&quot;1&quot;,&quot;item_gap&quot;:{&quot;unit&quot;:&quot;px&quot;,&quot;size&quot;:&quot;&quot;,&quot;sizes&quot;:[]},&quot;row_gap&quot;:{&quot;unit&quot;:&quot;px&quot;,&quot;size&quot;:&quot;&quot;,&quot;sizes&quot;:[]}}\" data-widget_type=\"portfolio.default\">\n\t\t\t\t<div class=\"elementor-widget-container\">\n\t\t\t\t\t\t\t<div class=\"elementor-portfolio elementor-grid elementor-posts-container\">\n\t\t\t\t<article class=\"elementor-portfolio-item elementor-post  post-82 post type-post status-publish format-standard has-post-thumbnail hentry category-team entry\">\n\t\t\t<a class=\"elementor-post__thumbnail__link\" href=\"https:\/\/cornwallrooftruss.com\/fr\/luc-lebrun\/\">\n\t\t\t\t<div class=\"elementor-portfolio-item__img elementor-post__thumbnail\">\n\t\t\t<img loading=\"lazy\" decoding=\"async\" width=\"300\" height=\"297\" src=\"https:\/\/cornwallrooftruss.com\/wp-content\/uploads\/2019\/01\/502_4360-300x297.jpg\" class=\"attachment-medium size-medium wp-image-83\" alt=\"\" srcset=\"https:\/\/cornwallrooftruss.com\/wp-content\/uploads\/2019\/01\/502_4360-300x297.jpg 300w, https:\/\/cornwallrooftruss.com\/wp-content\/uploads\/2019\/01\/502_4360-150x150.jpg 150w, https:\/\/cornwallrooftruss.com\/wp-content\/uploads\/2019\/01\/502_4360-768x760.jpg 768w, https:\/\/cornwallrooftruss.com\/wp-content\/uploads\/2019\/01\/502_4360.jpg 1024w\" sizes=\"(max-width: 34.9rem) calc(100vw - 2rem), (max-width: 53rem) calc(8 * (100vw \/ 12)), (min-width: 53rem) calc(6 * (100vw \/ 12)), 100vw\" \/>\t\t<\/div>\n\t\t\t\t<div class=\"elementor-portfolio-item__overlay\">\n\t\t\t\t<h3 class=\"elementor-portfolio-item__title\">\n\t\tLuc Lebrun\t\t<\/h3>\n\t\t\t\t<\/div>\n\t\t\t\t<\/a>\n\t\t<\/article>\n\t\t\t\t<article class=\"elementor-portfolio-item elementor-post  post-85 post type-post status-publish format-standard has-post-thumbnail hentry category-team entry\">\n\t\t\t<a class=\"elementor-post__thumbnail__link\" href=\"https:\/\/cornwallrooftruss.com\/fr\/fern-lebrun\/\">\n\t\t\t\t<div class=\"elementor-portfolio-item__img elementor-post__thumbnail\">\n\t\t\t<img loading=\"lazy\" decoding=\"async\" width=\"300\" height=\"259\" src=\"https:\/\/cornwallrooftruss.com\/wp-content\/uploads\/2019\/01\/502_4388-300x259.jpg\" class=\"attachment-medium size-medium wp-image-86\" alt=\"\" srcset=\"https:\/\/cornwallrooftruss.com\/wp-content\/uploads\/2019\/01\/502_4388-300x259.jpg 300w, https:\/\/cornwallrooftruss.com\/wp-content\/uploads\/2019\/01\/502_4388-768x663.jpg 768w, https:\/\/cornwallrooftruss.com\/wp-content\/uploads\/2019\/01\/502_4388.jpg 1024w\" sizes=\"(max-width: 34.9rem) calc(100vw - 2rem), (max-width: 53rem) calc(8 * (100vw \/ 12)), (min-width: 53rem) calc(6 * (100vw \/ 12)), 100vw\" \/>\t\t<\/div>\n\t\t\t\t<div class=\"elementor-portfolio-item__overlay\">\n\t\t\t\t<h3 class=\"elementor-portfolio-item__title\">\n\t\tFern Lebrun\t\t<\/h3>\n\t\t\t\t<\/div>\n\t\t\t\t<\/a>\n\t\t<\/article>\n\t\t\t\t<article class=\"elementor-portfolio-item elementor-post  post-95 post type-post status-publish format-standard has-post-thumbnail hentry category-team entry\">\n\t\t\t<a class=\"elementor-post__thumbnail__link\" href=\"https:\/\/cornwallrooftruss.com\/fr\/dan-macdonald\/\">\n\t\t\t\t<div class=\"elementor-portfolio-item__img elementor-post__thumbnail\">\n\t\t\t<img loading=\"lazy\" decoding=\"async\" width=\"300\" height=\"267\" src=\"https:\/\/cornwallrooftruss.com\/wp-content\/uploads\/2019\/02\/502_4414-300x267.jpg\" class=\"attachment-medium size-medium wp-image-96\" alt=\"\" srcset=\"https:\/\/cornwallrooftruss.com\/wp-content\/uploads\/2019\/02\/502_4414-300x267.jpg 300w, https:\/\/cornwallrooftruss.com\/wp-content\/uploads\/2019\/02\/502_4414-768x683.jpg 768w, https:\/\/cornwallrooftruss.com\/wp-content\/uploads\/2019\/02\/502_4414.jpg 1024w\" sizes=\"(max-width: 34.9rem) calc(100vw - 2rem), (max-width: 53rem) calc(8 * (100vw \/ 12)), (min-width: 53rem) calc(6 * (100vw \/ 12)), 100vw\" \/>\t\t<\/div>\n\t\t\t\t<div class=\"elementor-portfolio-item__overlay\">\n\t\t\t\t<h3 class=\"elementor-portfolio-item__title\">\n\t\tDan MacDonald\t\t<\/h3>\n\t\t\t\t<\/div>\n\t\t\t\t<\/a>\n\t\t<\/article>\n\t\t\t\t<article class=\"elementor-portfolio-item elementor-post  post-98 post type-post status-publish format-standard has-post-thumbnail hentry category-team entry\">\n\t\t\t<a class=\"elementor-post__thumbnail__link\" href=\"https:\/\/cornwallrooftruss.com\/fr\/trish-thompson\/\">\n\t\t\t\t<div class=\"elementor-portfolio-item__img elementor-post__thumbnail\">\n\t\t\t<img loading=\"lazy\" decoding=\"async\" width=\"300\" height=\"210\" src=\"https:\/\/cornwallrooftruss.com\/wp-content\/uploads\/2019\/02\/502_4372-300x210.jpg\" class=\"attachment-medium size-medium wp-image-99\" alt=\"\" srcset=\"https:\/\/cornwallrooftruss.com\/wp-content\/uploads\/2019\/02\/502_4372-300x210.jpg 300w, https:\/\/cornwallrooftruss.com\/wp-content\/uploads\/2019\/02\/502_4372-768x538.jpg 768w, https:\/\/cornwallrooftruss.com\/wp-content\/uploads\/2019\/02\/502_4372.jpg 1024w\" sizes=\"(max-width: 34.9rem) calc(100vw - 2rem), (max-width: 53rem) calc(8 * (100vw \/ 12)), (min-width: 53rem) calc(6 * (100vw \/ 12)), 100vw\" \/>\t\t<\/div>\n\t\t\t\t<div class=\"elementor-portfolio-item__overlay\">\n\t\t\t\t<h3 class=\"elementor-portfolio-item__title\">\n\t\tTrish Thompson\t\t<\/h3>\n\t\t\t\t<\/div>\n\t\t\t\t<\/a>\n\t\t<\/article>\n\t\t\t\t<\/div>\n\t\t\t\t\t\t<\/div>\n\t\t\t\t<\/div>\n\t\t\t\t\t<\/div>\n\t\t<\/div>\n\t\t\t\t\t<\/div>\n\t\t<\/section>\n\t\t\t\t<\/div>","protected":false},"excerpt":{"rendered":"<p>Your dream house is waiting Let the team of professionals at Cornwall Roof Truss turn your dreams into reality Contact us today Projects of all types, from sheds to houses to barns Our Team Meet our team of professionals.<\/p>","protected":false},"author":1,"featured_media":0,"parent":0,"menu_order":0,"comment_status":"closed","ping_status":"open","template":"elementor_header_footer","meta":{"footnotes":""},"class_list":["post-13","page","type-page","status-publish","hentry","entry"],"_links":{"self":[{"href":"https:\/\/cornwallrooftruss.com\/fr\/wp-json\/wp\/v2\/pages\/13","targetHints":{"allow":["GET"]}}],"collection":[{"href":"https:\/\/cornwallrooftruss.com\/fr\/wp-json\/wp\/v2\/pages"}],"about":[{"href":"https:\/\/cornwallrooftruss.com\/fr\/wp-json\/wp\/v2\/types\/page"}],"author":[{"embeddable":true,"href":"https:\/\/cornwallrooftruss.com\/fr\/wp-json\/wp\/v2\/users\/1"}],"replies":[{"embeddable":true,"href":"https:\/\/cornwallrooftruss.com\/fr\/wp-json\/wp\/v2\/comments?post=13"}],"version-history":[{"count":14,"href":"https:\/\/cornwallrooftruss.com\/fr\/wp-json\/wp\/v2\/pages\/13\/revisions"}],"predecessor-version":[{"id":235,"href":"https:\/\/cornwallrooftruss.com\/fr\/wp-json\/wp\/v2\/pages\/13\/revisions\/235"}],"wp:attachment":[{"href":"https:\/\/cornwallrooftruss.com\/fr\/wp-json\/wp\/v2\/media?parent=13"}],"curies":[{"name":"wp","href":"https:\/\/api.w.org\/{rel}","templated":true}]}}