{"id":28,"date":"2019-01-29T14:40:45","date_gmt":"2019-01-29T14:40:45","guid":{"rendered":"http:\/\/dev.cornwallrooftruss.com\/?page_id=28"},"modified":"2019-02-01T04:00:58","modified_gmt":"2019-02-01T04:00:58","slug":"products","status":"publish","type":"page","link":"https:\/\/cornwallrooftruss.com\/fr\/products\/","title":{"rendered":"Produits"},"content":{"rendered":"<div data-elementor-type=\"wp-post\" data-elementor-id=\"28\" class=\"elementor elementor-28 elementor-bc-flex-widget\" data-elementor-post-type=\"page\">\n\t\t\t\t\t\t<section class=\"elementor-section elementor-top-section elementor-element elementor-element-edde3c9 elementor-section-boxed elementor-section-height-default elementor-section-height-default\" data-id=\"edde3c9\" data-element_type=\"section\">\n\t\t\t\t\t\t<div class=\"elementor-container elementor-column-gap-default\">\n\t\t\t\t\t<div class=\"elementor-column elementor-col-100 elementor-top-column elementor-element elementor-element-241317c\" data-id=\"241317c\" data-element_type=\"column\">\n\t\t\t<div class=\"elementor-widget-wrap elementor-element-populated\">\n\t\t\t\t\t\t<div class=\"elementor-element elementor-element-56a8633 elementor-widget elementor-widget-heading\" data-id=\"56a8633\" data-element_type=\"widget\" data-widget_type=\"heading.default\">\n\t\t\t\t<div class=\"elementor-widget-container\">\n\t\t\t\t\t<h2 class=\"elementor-heading-title elementor-size-default\">Fermes de toit<\/h2>\t\t\t\t<\/div>\n\t\t\t\t<\/div>\n\t\t\t\t<div class=\"elementor-element elementor-element-8747827 elementor-widget elementor-widget-text-editor\" data-id=\"8747827\" data-element_type=\"widget\" data-widget_type=\"text-editor.default\">\n\t\t\t\t<div class=\"elementor-widget-container\">\n\t\t\t\t\t\t\t\t\t<p>Les concepts domiciliaires ont consid\u00e9rablement \u00e9volu\u00e9 au fil des ans, et l\u2019accent est mis davantage sur des syst\u00e8mes de toit plus \u00e9labor\u00e9s. Cette tendance a fait de la toiture le point central de la plupart des maisons, et ce, \u00e0 bien des \u00e9gards.<\/p><p>Afin de demeurer au fait de cette tendance, les programmes informatiques de conception et d\u2019am\u00e9nagement ont \u00e9volu\u00e9 et sont des outils importants permettant de r\u00e9pondre \u00e0 cette demande. Notre \u00e9quipe est pr\u00eate \u00e0 relever de tels d\u00e9fis et est en mesure de le faire pour assurer l\u2019int\u00e9grit\u00e9 et garantir les r\u00e9sultats permettant de r\u00e9pondre aux attentes du propri\u00e9taire tout en gardant \u00e0 l\u2019esprit les besoins des constructeurs en mati\u00e8re d\u2019assemblage facile sur le chantier.<\/p><p>Les fermes de toit sont offertes dans une grande vari\u00e9t\u00e9 de formes et de dimensions. Elles servent principalement \u00e0 soutenir les surcharges de toit lors d\u2019accumulations de neige et de pluie, lors de grands vents, et dans certains cas, elles permettent de soutenir le poids d\u2019un deuxi\u00e8me \u00e9tage. Tous les composants sont con\u00e7us afin d\u2019assurer leur conformit\u00e9 aux codes du b\u00e2timent locaux ou de les surpasser.<\/p><p>Nous sommes fiers de notre programme de contr\u00f4le de la qualit\u00e9, allant de la s\u00e9lection du bois \u00e0 un d\u00e9coupage de pr\u00e9cision \u00e0 l\u2019aide de scies contr\u00f4l\u00e9es par un logiciel. L\u2019atelier de fabrication est tenu de se conformer \u00e0 des lignes directrices rigoureuses afin de livrer un produit de tr\u00e8s haute qualit\u00e9, soit le niveau de qualit\u00e9 auquel s\u2019attendent d\u00e9sormais nos clients.<\/p><p>Pour obtenir un exemple de configuration typique de ferme de toit, veuillez cliquer sur notre lien vers le site Web de Truss Plate Institute of Canada (en anglais seulement).<\/p>\t\t\t\t\t\t\t\t<\/div>\n\t\t\t\t<\/div>\n\t\t\t\t<div class=\"elementor-element elementor-element-4bcbb13 elementor-grid-4 elementor-grid-tablet-2 elementor-grid-mobile-1 elementor-widget elementor-widget-portfolio\" data-id=\"4bcbb13\" data-element_type=\"widget\" data-settings=\"{&quot;columns&quot;:&quot;4&quot;,&quot;item_ratio&quot;:{&quot;unit&quot;:&quot;px&quot;,&quot;size&quot;:1,&quot;sizes&quot;:[]},&quot;row_gap&quot;:{&quot;unit&quot;:&quot;px&quot;,&quot;size&quot;:20,&quot;sizes&quot;:[]},&quot;columns_tablet&quot;:&quot;2&quot;,&quot;columns_mobile&quot;:&quot;1&quot;,&quot;item_gap&quot;:{&quot;unit&quot;:&quot;px&quot;,&quot;size&quot;:&quot;&quot;,&quot;sizes&quot;:[]}}\" data-widget_type=\"portfolio.default\">\n\t\t\t\t<div class=\"elementor-widget-container\">\n\t\t\t\t\t\t\t<div class=\"elementor-portfolio elementor-grid elementor-posts-container\">\n\t\t\t\t<article class=\"elementor-portfolio-item elementor-post  post-129 post type-post status-publish format-standard has-post-thumbnail hentry category-truss entry\">\n\t\t\t<a class=\"elementor-post__thumbnail__link\" href=\"https:\/\/cornwallrooftruss.com\/fr\/truss-stacks\/\">\n\t\t\t\t<div class=\"elementor-portfolio-item__img elementor-post__thumbnail\">\n\t\t\t<img fetchpriority=\"high\" decoding=\"async\" width=\"300\" height=\"225\" src=\"https:\/\/cornwallrooftruss.com\/wp-content\/uploads\/2019\/02\/IMG_5136-300x225.jpg\" class=\"attachment-medium size-medium wp-image-228\" alt=\"\" srcset=\"https:\/\/cornwallrooftruss.com\/wp-content\/uploads\/2019\/02\/IMG_5136-300x225.jpg 300w, https:\/\/cornwallrooftruss.com\/wp-content\/uploads\/2019\/02\/IMG_5136-768x576.jpg 768w, https:\/\/cornwallrooftruss.com\/wp-content\/uploads\/2019\/02\/IMG_5136-1024x768.jpg 1024w, https:\/\/cornwallrooftruss.com\/wp-content\/uploads\/2019\/02\/IMG_5136-1568x1176.jpg 1568w\" sizes=\"(max-width: 34.9rem) calc(100vw - 2rem), (max-width: 53rem) calc(8 * (100vw \/ 12)), (min-width: 53rem) calc(6 * (100vw \/ 12)), 100vw\" \/>\t\t<\/div>\n\t\t\t\t<div class=\"elementor-portfolio-item__overlay\">\n\t\t\t\t<h3 class=\"elementor-portfolio-item__title\">\n\t\tFermes de toit\t\t<\/h3>\n\t\t\t\t<\/div>\n\t\t\t\t<\/a>\n\t\t<\/article>\n\t\t\t\t<article class=\"elementor-portfolio-item elementor-post  post-52 post type-post status-publish format-standard has-post-thumbnail hentry category-truss entry\">\n\t\t\t<a class=\"elementor-post__thumbnail__link\" href=\"https:\/\/cornwallrooftruss.com\/fr\/roof-extension\/\">\n\t\t\t\t<div class=\"elementor-portfolio-item__img elementor-post__thumbnail\">\n\t\t\t<img decoding=\"async\" width=\"300\" height=\"200\" src=\"https:\/\/cornwallrooftruss.com\/wp-content\/uploads\/2019\/02\/piggyback-extension-1-300x200.jpg\" class=\"attachment-medium size-medium wp-image-111\" alt=\"\" srcset=\"https:\/\/cornwallrooftruss.com\/wp-content\/uploads\/2019\/02\/piggyback-extension-1-300x200.jpg 300w, https:\/\/cornwallrooftruss.com\/wp-content\/uploads\/2019\/02\/piggyback-extension-1-768x512.jpg 768w, https:\/\/cornwallrooftruss.com\/wp-content\/uploads\/2019\/02\/piggyback-extension-1.jpg 1024w\" sizes=\"(max-width: 34.9rem) calc(100vw - 2rem), (max-width: 53rem) calc(8 * (100vw \/ 12)), (min-width: 53rem) calc(6 * (100vw \/ 12)), 100vw\" \/>\t\t<\/div>\n\t\t\t\t<div class=\"elementor-portfolio-item__overlay\">\n\t\t\t\t<h3 class=\"elementor-portfolio-item__title\">\n\t\tProlongement de toit\t\t<\/h3>\n\t\t\t\t<\/div>\n\t\t\t\t<\/a>\n\t\t<\/article>\n\t\t\t\t<\/div>\n\t\t\t\t\t\t<\/div>\n\t\t\t\t<\/div>\n\t\t\t\t\t<\/div>\n\t\t<\/div>\n\t\t\t\t\t<\/div>\n\t\t<\/section>\n\t\t\t\t<section class=\"elementor-section elementor-top-section elementor-element elementor-element-3667271 elementor-section-boxed elementor-section-height-default elementor-section-height-default\" data-id=\"3667271\" data-element_type=\"section\">\n\t\t\t\t\t\t<div class=\"elementor-container elementor-column-gap-default\">\n\t\t\t\t\t<div class=\"elementor-column elementor-col-100 elementor-top-column elementor-element elementor-element-e25e950\" data-id=\"e25e950\" data-element_type=\"column\">\n\t\t\t<div class=\"elementor-widget-wrap elementor-element-populated\">\n\t\t\t\t\t\t<div class=\"elementor-element elementor-element-5a83571 elementor-widget elementor-widget-heading\" data-id=\"5a83571\" data-element_type=\"widget\" data-widget_type=\"heading.default\">\n\t\t\t\t<div class=\"elementor-widget-container\">\n\t\t\t\t\t<h2 class=\"elementor-heading-title elementor-size-default\">Poutrelles en I et poutres en LVL<\/h2>\t\t\t\t<\/div>\n\t\t\t\t<\/div>\n\t\t\t\t<div class=\"elementor-element elementor-element-dbefc0c elementor-widget elementor-widget-text-editor\" data-id=\"dbefc0c\" data-element_type=\"widget\" data-widget_type=\"text-editor.default\">\n\t\t\t\t<div class=\"elementor-widget-container\">\n\t\t\t\t\t\t\t\t\t<p>Nous offrons une gamme compl\u00e8te de produits en bois de poutrelles en I. Chaque syst\u00e8me de plancher vendu est accompagn\u00e9 d\u2019un plan d\u2019\u00e9tage d\u00e9taill\u00e9.<\/p><p>Nous d\u00e9tenons \u00e9galement en stock des poutres faites de bois en placage stratifi\u00e9 (connues sous l\u2019acronyme anglais LVL), lesquelles sont offertes dans une grande vari\u00e9t\u00e9 de tailles et de longueurs. Notre personnel vous conseillera sur la conception et les tailles appropri\u00e9es afin d\u2019assurer leur conformit\u00e9 aux codes du b\u00e2timent locaux, et ce, pour tout projet impliquant des poutres ou des linteaux.<\/p>\t\t\t\t\t\t\t\t<\/div>\n\t\t\t\t<\/div>\n\t\t\t\t\t<\/div>\n\t\t<\/div>\n\t\t\t\t\t<\/div>\n\t\t<\/section>\n\t\t\t\t<section class=\"elementor-section elementor-top-section elementor-element elementor-element-34fff3c elementor-section-boxed elementor-section-height-default elementor-section-height-default\" data-id=\"34fff3c\" data-element_type=\"section\">\n\t\t\t\t\t\t<div class=\"elementor-container elementor-column-gap-default\">\n\t\t\t\t\t<div class=\"elementor-column elementor-col-100 elementor-top-column elementor-element elementor-element-50adda4\" data-id=\"50adda4\" data-element_type=\"column\">\n\t\t\t<div class=\"elementor-widget-wrap elementor-element-populated\">\n\t\t\t\t\t\t<div class=\"elementor-element elementor-element-97eb6fe elementor-widget elementor-widget-heading\" data-id=\"97eb6fe\" data-element_type=\"widget\" data-widget_type=\"heading.default\">\n\t\t\t\t<div class=\"elementor-widget-container\">\n\t\t\t\t\t<h2 class=\"elementor-heading-title elementor-size-default\">Poutrelles \u00e0 treillis Posi-Strut<\/h2>\t\t\t\t<\/div>\n\t\t\t\t<\/div>\n\t\t\t\t<div class=\"elementor-element elementor-element-df49f03 elementor-widget elementor-widget-text-editor\" data-id=\"df49f03\" data-element_type=\"widget\" data-widget_type=\"text-editor.default\">\n\t\t\t\t<div class=\"elementor-widget-container\">\n\t\t\t\t\t\t\t\t\t<p>L\u2019un de nos produits uniques est le syst\u00e8me de solives de plancher \u00e0 treillis. Les mod\u00e8les techniques et les sangles d\u2019acier, qui font partie de nos syst\u00e8mes de plancher, sont fabriqu\u00e9s et fournis par MiTek Canada Inc. Le syst\u00e8me de plancher Posi-Strut offre de grands avantages par rapport au bois \u00e0 charpente r\u00e9gulier.<\/p><p>De plus longues port\u00e9es peuvent \u00eatre obtenues gr\u00e2ce \u00e0 une vari\u00e9t\u00e9 de profondeurs offertes, allant de 9 \u00bc po, 11 7\/8 po, 12 \u00be po, 14 po, jusqu\u2019\u00e0 16 po. Des membrures sup\u00e9rieures et inf\u00e9rieures sont fabriqu\u00e9es \u00e0 partir de bois sci\u00e9 s\u00e9ch\u00e9 au s\u00e9choir d\u2019une dimension de 4\u00d72 et de diff\u00e9rentes qualit\u00e9s, donnant au syst\u00e8me de plancher une force et une rigidit\u00e9 inh\u00e9rentes qui permet d\u2019assurer une conformit\u00e9 aux codes du b\u00e2timent locaux ou de les surpasser.<\/p><p>Nous soulignons le fait que le syst\u00e8me de plancher est, dans la plupart des cas, con\u00e7u sur mesure pour chaque projet, ce qui permet d\u2019\u00e9conomiser du temps au cours de l\u2019installation puisqu\u2019aucun d\u00e9coupage ou tr\u00e8s peu de d\u00e9coupage n\u2019est n\u00e9cessaire sur le chantier. La surface de 4\u00d72 des solives offre \u00e9galement une surface plus large pour la pose du sous-plancher, sans compter l\u2019avantage suppl\u00e9mentaire d\u2019obtenir un sous-plancher plus rigide en raison d\u2019une distance plus courte entre chaque rebord de solive.<\/p><p>Les d\u00e9tails des extr\u00e9mit\u00e9s offerts par le syst\u00e8me Posi-Strut rendent ce dernier extr\u00eamement polyvalent pour diff\u00e9rentes installations et applications. L\u2019une des caract\u00e9ristiques \u00e0 souligner est l\u2019option de soutien \u00e0 l\u2019aide de la membrure sup\u00e9rieure, laquelle permet \u00e0 la solive d\u2019\u00eatre suspendue \u00e0 partir de la membrure sup\u00e9rieure lorsqu\u2019elle est install\u00e9e sur une moise ou une poutre encastr\u00e9e. Il n\u2019est donc pas n\u00e9cessaire d\u2019installer des \u00e9triers \u00e0 solive, ce qui r\u00e9duit le temps d\u2019installation total. Cela est particuli\u00e8rement pratique, compte tenu de la popularit\u00e9 grandissante du coffrage de b\u00e9ton isol\u00e9 pour les fondations et les murs.<\/p><p>Les plans d\u2019am\u00e9nagement complets sont fournis lors de l\u2019installation de tous les syst\u00e8mes de plancher.<\/p>\t\t\t\t\t\t\t\t<\/div>\n\t\t\t\t<\/div>\n\t\t\t\t<div class=\"elementor-element elementor-element-89797b8 elementor-grid-4 elementor-grid-tablet-2 elementor-grid-mobile-1 elementor-widget elementor-widget-portfolio\" data-id=\"89797b8\" data-element_type=\"widget\" data-settings=\"{&quot;columns&quot;:&quot;4&quot;,&quot;item_ratio&quot;:{&quot;unit&quot;:&quot;px&quot;,&quot;size&quot;:1,&quot;sizes&quot;:[]},&quot;row_gap&quot;:{&quot;unit&quot;:&quot;px&quot;,&quot;size&quot;:20,&quot;sizes&quot;:[]},&quot;columns_tablet&quot;:&quot;2&quot;,&quot;columns_mobile&quot;:&quot;1&quot;,&quot;item_gap&quot;:{&quot;unit&quot;:&quot;px&quot;,&quot;size&quot;:&quot;&quot;,&quot;sizes&quot;:[]}}\" data-widget_type=\"portfolio.default\">\n\t\t\t\t<div class=\"elementor-widget-container\">\n\t\t\t\t\t\t\t<div class=\"elementor-portfolio elementor-grid elementor-posts-container\">\n\t\t\t\t<article class=\"elementor-portfolio-item elementor-post  post-104 post type-post status-publish format-standard has-post-thumbnail hentry category-posi-strut entry\">\n\t\t\t<a class=\"elementor-post__thumbnail__link\" href=\"https:\/\/cornwallrooftruss.com\/fr\/posi-strut\/\">\n\t\t\t\t<div class=\"elementor-portfolio-item__img elementor-post__thumbnail\">\n\t\t\t<img decoding=\"async\" width=\"300\" height=\"225\" src=\"https:\/\/cornwallrooftruss.com\/wp-content\/uploads\/2019\/03\/IMG_4750-300x225.jpg\" class=\"attachment-medium size-medium wp-image-211\" alt=\"\" srcset=\"https:\/\/cornwallrooftruss.com\/wp-content\/uploads\/2019\/03\/IMG_4750-300x225.jpg 300w, https:\/\/cornwallrooftruss.com\/wp-content\/uploads\/2019\/03\/IMG_4750-768x576.jpg 768w, https:\/\/cornwallrooftruss.com\/wp-content\/uploads\/2019\/03\/IMG_4750-1024x768.jpg 1024w, https:\/\/cornwallrooftruss.com\/wp-content\/uploads\/2019\/03\/IMG_4750-1568x1176.jpg 1568w\" sizes=\"(max-width: 34.9rem) calc(100vw - 2rem), (max-width: 53rem) calc(8 * (100vw \/ 12)), (min-width: 53rem) calc(6 * (100vw \/ 12)), 100vw\" \/>\t\t<\/div>\n\t\t\t\t<div class=\"elementor-portfolio-item__overlay\">\n\t\t\t\t<h3 class=\"elementor-portfolio-item__title\">\n\t\tSyst\u00e8me Posi-Strut\t\t<\/h3>\n\t\t\t\t<\/div>\n\t\t\t\t<\/a>\n\t\t<\/article>\n\t\t\t\t<\/div>\n\t\t\t\t\t\t<\/div>\n\t\t\t\t<\/div>\n\t\t\t\t\t<\/div>\n\t\t<\/div>\n\t\t\t\t\t<\/div>\n\t\t<\/section>\n\t\t\t\t<section class=\"elementor-section elementor-top-section elementor-element elementor-element-1f0271b elementor-section-boxed elementor-section-height-default elementor-section-height-default\" data-id=\"1f0271b\" data-element_type=\"section\">\n\t\t\t\t\t\t<div class=\"elementor-container elementor-column-gap-default\">\n\t\t\t\t\t<div class=\"elementor-column elementor-col-100 elementor-top-column elementor-element elementor-element-9da1387\" data-id=\"9da1387\" data-element_type=\"column\">\n\t\t\t<div class=\"elementor-widget-wrap elementor-element-populated\">\n\t\t\t\t\t\t<div class=\"elementor-element elementor-element-80395a0 elementor-widget elementor-widget-heading\" data-id=\"80395a0\" data-element_type=\"widget\" data-widget_type=\"heading.default\">\n\t\t\t\t<div class=\"elementor-widget-container\">\n\t\t\t\t\t<h2 class=\"elementor-heading-title elementor-size-default\">Toitures en acier<\/h2>\t\t\t\t<\/div>\n\t\t\t\t<\/div>\n\t\t\t\t<div class=\"elementor-element elementor-element-232b7c7 elementor-widget elementor-widget-text-editor\" data-id=\"232b7c7\" data-element_type=\"widget\" data-widget_type=\"text-editor.default\">\n\t\t\t\t<div class=\"elementor-widget-container\">\n\t\t\t\t\t\t\t\t\t<p>Nous sommes des fournisseurs de t\u00f4les d\u2019acier et de parement en acier. Les produits sont offerts dans une grande vari\u00e9t\u00e9 de formes et de couleurs. Une excellente gamme d\u2019accessoires sont offerts afin de faciliter l\u2019installation.<\/p>\t\t\t\t\t\t\t\t<\/div>\n\t\t\t\t<\/div>\n\t\t\t\t\t<\/div>\n\t\t<\/div>\n\t\t\t\t\t<\/div>\n\t\t<\/section>\n\t\t\t\t<section class=\"elementor-section elementor-top-section elementor-element elementor-element-547701e elementor-section-boxed elementor-section-height-default elementor-section-height-default\" data-id=\"547701e\" data-element_type=\"section\">\n\t\t\t\t\t\t<div class=\"elementor-container elementor-column-gap-default\">\n\t\t\t\t\t<div class=\"elementor-column elementor-col-100 elementor-top-column elementor-element elementor-element-16f7cec\" data-id=\"16f7cec\" data-element_type=\"column\">\n\t\t\t<div class=\"elementor-widget-wrap elementor-element-populated\">\n\t\t\t\t\t\t<div class=\"elementor-element elementor-element-ce25cd1 elementor-widget elementor-widget-heading\" data-id=\"ce25cd1\" data-element_type=\"widget\" data-widget_type=\"heading.default\">\n\t\t\t\t<div class=\"elementor-widget-container\">\n\t\t\t\t\t<h2 class=\"elementor-heading-title elementor-size-default\">Parements<\/h2>\t\t\t\t<\/div>\n\t\t\t\t<\/div>\n\t\t\t\t<div class=\"elementor-element elementor-element-ad026ae elementor-widget elementor-widget-text-editor\" data-id=\"ad026ae\" data-element_type=\"widget\" data-widget_type=\"text-editor.default\">\n\t\t\t\t<div class=\"elementor-widget-container\">\n\t\t\t\t\t\t\t\t\t<p>Nous sommes des fournisseurs de t\u00f4les d\u2019acier et de parement en acier. Les produits sont offerts dans une grande vari\u00e9t\u00e9 de formes et de couleurs. Une excellente gamme d\u2019accessoires sont offerts afin de faciliter l\u2019installation.<\/p>\t\t\t\t\t\t\t\t<\/div>\n\t\t\t\t<\/div>\n\t\t\t\t\t<\/div>\n\t\t<\/div>\n\t\t\t\t\t<\/div>\n\t\t<\/section>\n\t\t\t\t<section class=\"elementor-section elementor-top-section elementor-element elementor-element-3ff4387 elementor-section-boxed elementor-section-height-default elementor-section-height-default\" data-id=\"3ff4387\" data-element_type=\"section\">\n\t\t\t\t\t\t<div class=\"elementor-container elementor-column-gap-default\">\n\t\t\t\t\t<div class=\"elementor-column elementor-col-100 elementor-top-column elementor-element elementor-element-38f52b1\" data-id=\"38f52b1\" data-element_type=\"column\">\n\t\t\t<div class=\"elementor-widget-wrap elementor-element-populated\">\n\t\t\t\t\t\t<div class=\"elementor-element elementor-element-8fa7c51 elementor-widget elementor-widget-heading\" data-id=\"8fa7c51\" data-element_type=\"widget\" data-widget_type=\"heading.default\">\n\t\t\t\t<div class=\"elementor-widget-container\">\n\t\t\t\t\t<h2 class=\"elementor-heading-title elementor-size-default\">Connecteurs et \u00e9triers<\/h2>\t\t\t\t<\/div>\n\t\t\t\t<\/div>\n\t\t\t\t<div class=\"elementor-element elementor-element-f013fa8 elementor-widget elementor-widget-text-editor\" data-id=\"f013fa8\" data-element_type=\"widget\" data-widget_type=\"text-editor.default\">\n\t\t\t\t<div class=\"elementor-widget-container\">\n\t\t\t\t\t\t\t\t\t<p>Nous offrons une gamme compl\u00e8te de connecteurs structuraux servant de compl\u00e9ment \u00e0 l\u2019installation de fermes de toit et de solives de plancher. Notre personnel est disponible afin de vous aider \u00e0 choisir le mat\u00e9riel qui convient le mieux \u00e0 votre projet.<\/p>\t\t\t\t\t\t\t\t<\/div>\n\t\t\t\t<\/div>\n\t\t\t\t<div class=\"elementor-element elementor-element-a85f3ba elementor-grid-4 elementor-grid-tablet-2 elementor-grid-mobile-1 elementor-widget elementor-widget-portfolio\" data-id=\"a85f3ba\" data-element_type=\"widget\" data-settings=\"{&quot;columns&quot;:&quot;4&quot;,&quot;item_ratio&quot;:{&quot;unit&quot;:&quot;px&quot;,&quot;size&quot;:1,&quot;sizes&quot;:[]},&quot;row_gap&quot;:{&quot;unit&quot;:&quot;px&quot;,&quot;size&quot;:20,&quot;sizes&quot;:[]},&quot;columns_tablet&quot;:&quot;2&quot;,&quot;columns_mobile&quot;:&quot;1&quot;,&quot;item_gap&quot;:{&quot;unit&quot;:&quot;px&quot;,&quot;size&quot;:&quot;&quot;,&quot;sizes&quot;:[]}}\" data-widget_type=\"portfolio.default\">\n\t\t\t\t<div class=\"elementor-widget-container\">\n\t\t\t\t\t\t\t<div class=\"elementor-portfolio elementor-grid elementor-posts-container\">\n\t\t\t\t<article class=\"elementor-portfolio-item elementor-post  post-123 post type-post status-publish format-standard has-post-thumbnail hentry category-connectors entry\">\n\t\t\t<a class=\"elementor-post__thumbnail__link\" href=\"https:\/\/cornwallrooftruss.com\/fr\/connector-plates\/\">\n\t\t\t\t<div class=\"elementor-portfolio-item__img elementor-post__thumbnail\">\n\t\t\t<img loading=\"lazy\" decoding=\"async\" width=\"300\" height=\"200\" src=\"https:\/\/cornwallrooftruss.com\/wp-content\/uploads\/2019\/02\/plate-1-300x200.jpg\" class=\"attachment-medium size-medium wp-image-124\" alt=\"\" srcset=\"https:\/\/cornwallrooftruss.com\/wp-content\/uploads\/2019\/02\/plate-1-300x200.jpg 300w, https:\/\/cornwallrooftruss.com\/wp-content\/uploads\/2019\/02\/plate-1-768x512.jpg 768w, https:\/\/cornwallrooftruss.com\/wp-content\/uploads\/2019\/02\/plate-1.jpg 1024w\" sizes=\"(max-width: 34.9rem) calc(100vw - 2rem), (max-width: 53rem) calc(8 * (100vw \/ 12)), (min-width: 53rem) calc(6 * (100vw \/ 12)), 100vw\" \/>\t\t<\/div>\n\t\t\t\t<div class=\"elementor-portfolio-item__overlay\">\n\t\t\t\t<h3 class=\"elementor-portfolio-item__title\">\n\t\tConnecteurs\t\t<\/h3>\n\t\t\t\t<\/div>\n\t\t\t\t<\/a>\n\t\t<\/article>\n\t\t\t\t<\/div>\n\t\t\t\t\t\t<\/div>\n\t\t\t\t<\/div>\n\t\t\t\t\t<\/div>\n\t\t<\/div>\n\t\t\t\t\t<\/div>\n\t\t<\/section>\n\t\t\t\t<\/div>","protected":false},"excerpt":{"rendered":"<p>Roof Truss Over the years, home designs have evolved significantly and more emphasis has been placed on more elaborate roof systems.\u00a0 The trend has made the roof in many ways, the focal point of most homes. In keeping pace with this trend, design and layout computer programs have evolved are an important tool in meeting &hellip; <\/p>\n<p class=\"link-more\"><a href=\"https:\/\/cornwallrooftruss.com\/fr\/connector-plates\/\" class=\"more-link\">Continuer la lecture<span class=\"screen-reader-text\"> de &laquo; Connector plates &raquo;<\/span><\/a><\/p>","protected":false},"author":1,"featured_media":0,"parent":0,"menu_order":0,"comment_status":"closed","ping_status":"open","template":"elementor_header_footer","meta":{"footnotes":""},"class_list":["post-28","page","type-page","status-publish","hentry","entry"],"_links":{"self":[{"href":"https:\/\/cornwallrooftruss.com\/fr\/wp-json\/wp\/v2\/pages\/28","targetHints":{"allow":["GET"]}}],"collection":[{"href":"https:\/\/cornwallrooftruss.com\/fr\/wp-json\/wp\/v2\/pages"}],"about":[{"href":"https:\/\/cornwallrooftruss.com\/fr\/wp-json\/wp\/v2\/types\/page"}],"author":[{"embeddable":true,"href":"https:\/\/cornwallrooftruss.com\/fr\/wp-json\/wp\/v2\/users\/1"}],"replies":[{"embeddable":true,"href":"https:\/\/cornwallrooftruss.com\/fr\/wp-json\/wp\/v2\/comments?post=28"}],"version-history":[{"count":5,"href":"https:\/\/cornwallrooftruss.com\/fr\/wp-json\/wp\/v2\/pages\/28\/revisions"}],"predecessor-version":[{"id":139,"href":"https:\/\/cornwallrooftruss.com\/fr\/wp-json\/wp\/v2\/pages\/28\/revisions\/139"}],"wp:attachment":[{"href":"https:\/\/cornwallrooftruss.com\/fr\/wp-json\/wp\/v2\/media?parent=28"}],"curies":[{"name":"wp","href":"https:\/\/api.w.org\/{rel}","templated":true}]}}